{"id":3,"date":"2018-12-11T09:39:13","date_gmt":"2018-12-11T09:39:13","guid":{"rendered":"http:\/\/seowarriors.club\/plataforma\/?page_id=3"},"modified":"2024-10-15T16:40:31","modified_gmt":"2024-10-15T15:40:31","slug":"politica-privacidad","status":"publish","type":"page","link":"https:\/\/seowarriors.club\/plataforma\/politica-privacidad\/","title":{"rendered":"Pol\u00edtica de privacidad"},"content":{"rendered":"<h1>Aviso legal<\/h1>\n<h2><strong>1. AVISO LEGAL Y T\u00c9RMINOS DE USO <\/strong><\/h2>\n<p>Puedo garantizarte que <strong>te encuentras en un espacio 100 % seguro<\/strong>, por ello, dando cumplimiento con el deber de informaci\u00f3n recogido en art\u00edculo 10 de la Ley 34\/2002, de 11 de julio, de Servicios de la Sociedad de la Informaci\u00f3n y del Comercio Electr\u00f3nico, a continuaci\u00f3n se hace constar:<\/p>\n<h3>1.1. Datos identificativos del responsable<\/h3>\n<p>Tal y como recoge la Ley 34\/2002, de 11 de julio, de servicios de la sociedad de la informaci\u00f3n y de comercio electr\u00f3nico, le informo que:<\/p>\n<ul>\n<li>Mi denominaci\u00f3n social es: Blogger3cero SL<\/li>\n<li>Mi CIF es 16.076.661-Y<\/li>\n<li>Mi domicilio social se encuentra en Calle Santillana, Madrid.<\/li>\n<li>Email: contacto@blogger3cero<\/li>\n<li>Mi actividad social es: blogging, SEO y negocios Online.<\/li>\n<\/ul>\n<h3>1.2. Finalidad de la p\u00e1gina web.<\/h3>\n<p>Los servicios prestados por el responsable de la p\u00e1gina web son los siguientes:<\/p>\n<ul>\n<li>La venta de formaci\u00f3n y servicios de Seo y posicionamiento en buscadores.<\/li>\n<li>La venta de Ebooks<\/li>\n<li>Gestionar la lista de suscriptores y usuarios adscritos al curso.<\/li>\n<li>Suministro de contenidos en el blog<\/li>\n<li>Dirigir su red de afiliados y comerciantes as\u00ed como la gesti\u00f3n de pagos de los mismos.<\/li>\n<\/ul>\n<h3>1.3. Usuarios:<\/h3>\n<p>El acceso y\/o uso de este sitio web atribuye la condici\u00f3n de USUARIO, que acepta, desde dicho acceso y\/o uso,\u00a0los presentes t\u00e9rminos de uso, no obstante, por el mero uso de la p\u00e1gina web no significa el inicio de relaci\u00f3n laboral\/comercial alguna.<\/p>\n<h3>1.4. Uso del sitio web y captura de informaci\u00f3n:<\/h3>\n<p><strong>1.4.1 USO DEL SITIO WEB <\/strong><\/p>\n<p>La p\u00e1gina web <strong>https:\/\/blogger3cero.com<\/strong> en adelante <strong>(LA WEB)<\/strong> proporciona el acceso a art\u00edculos, informaciones, servicios y datos (en adelante, \u201clos contenidos\u201d) propiedad de Blogger3cero S.L.. El USUARIO asume la responsabilidad del uso de la web.<\/p>\n<p>El USUARIO se compromete a hacer un uso adecuado de los contenidos que ofrece a trav\u00e9s de su web y con car\u00e1cter enunciativo pero no limitativo, a no emplearlos para:<\/p>\n<p>(a) incurrir en actividades il\u00edcitas, ilegales o contrarias a la buena fe y al orden p\u00fablico;<\/p>\n<p>(b) difundir contenidos o propaganda de car\u00e1cter racista, xen\u00f3fobo, pornogr\u00e1fico-ilegal, de apolog\u00eda del terrorismo o atentatorio contra los derechos humanos;<\/p>\n<p>(c) provocar da\u00f1os en los sistemas f\u00edsicos y l\u00f3gicos de la web, de sus proveedores o de terceras personas, introducir o difundir en la red virus inform\u00e1ticos o cualesquiera otros sistemas f\u00edsicos o l\u00f3gicos que sean susceptibles de provocar los da\u00f1os anteriormente mencionados;<\/p>\n<p>(d) intentar acceder y, en su caso, utilizar las cuentas de correo electr\u00f3nico de otros usuarios y modificar o manipular sus mensajes.<\/p>\n<p><strong>Blogger3cero S.L. <\/strong>se reserva el derecho de retirar todos aquellos comentarios y aportaciones que vulneren el respeto a la dignidad de la persona, que sean discriminatorios, xen\u00f3fobos, racistas, pornogr\u00e1ficos, que atenten contra la juventud o la infancia, el orden o la seguridad p\u00fablica o que, a su juicio, no resultaran adecuados para su publicaci\u00f3n.<\/p>\n<p>En cualquier caso, <strong>Blogger3cero S.L.<\/strong> no ser\u00e1 responsable de las opiniones vertidas por los usuarios a trav\u00e9s del blog u otras herramientas de participaci\u00f3n que puedan crearse, conforme a lo previsto en la normativa de aplicaci\u00f3n.<\/p>\n<h3>1.4.2 Captura de informaci\u00f3n<\/h3>\n<p>&#8211; Formulario de contacto, donde el USUARIO deber\u00e1 rellenar el campo de correo electr\u00f3nico, asunto y nombre.<\/p>\n<p>&#8211; Formulario de suscripci\u00f3n, rellenando el USUARIO los campos necesarios para la adquisici\u00f3n del curso con los campos de nombre, apellidos, direcci\u00f3n, ciudad, pa\u00eds, estado, c\u00f3digo postal, email y contrase\u00f1a<\/p>\n<p>&#8211; Cookies de rastreo, conforme a las siguientes reglas<\/p>\n<p>&#8211; Navegaci\u00f3n y Direcci\u00f3n IP: Al navegar por esta web, el usuario facilita de forma autom\u00e1tica al servidor de la web informaci\u00f3n relativa a tu direcci\u00f3n IP, fecha y hora de acceso, el hiperv\u00ednculo que le ha reenviado a \u00e9stas, tu sistema operativo y el navegador utilizado.<\/p>\n<p>A pesar de lo anterior, los usuarios podr\u00e1n <strong>darse de baja en cualquier momento <\/strong>de los servicios prestados por <strong>Blogger3cero S.L. <\/strong>o datos aportados por el USUARIO dando cumplimiento a la normativa vigente sobre Protecci\u00f3n de Datos. Asimismo, tanto al suscribirse a esta p\u00e1gina web como al realizar alg\u00fan comentario en cualquiera de sus p\u00e1ginas y\/o entradas, el usuario consiente:<\/p>\n<ol>\n<li>El tratamiento de sus datos personales en el entorno de WordPress conforme a <a class=\"docs-creator\" href=\"http:\/\/automattic.com\/privacy\/\" target=\"_blank\" rel=\"noopener\">sus pol\u00edticas de privacidad<\/a>.<\/li>\n<li>El acceso de <strong>Blogger3cero S.L.<\/strong> a los datos que, de acuerdo con la infraestructura de WordPress, necesite el usuario aportar bien para la suscripci\u00f3n al curso bien para cualquier consulta mediante el formulario de contacto.<\/li>\n<\/ol>\n<p>Asimismo, informamos que la informaci\u00f3n de nuestros usuarios est\u00e1 protegida de acuerdo a nuestra POLITICA DE PRIVACIDAD (LINKEAR).<\/p>\n<p>Al activar una suscripci\u00f3n, formulario de contacto o comentario, el usuario comprende y acepta que:<\/p>\n<p>Desde el momento en que efect\u00faa su suscripci\u00f3n o accedes a alg\u00fan servicio de pago, <strong>Blogger3cero S.L.<\/strong> tiene acceso<\/p>\n<p><strong>a<\/strong>: Nombre, y email, o dem\u00e1s datos necesarios para facturaci\u00f3n conformando un fichero debidamente inscrito en el Registro General de la\u00a0<a class=\"docs-creator\" href=\"http:\/\/www.agpd.es\/\" target=\"_blank\" rel=\"noopener\">Agencia Espa\u00f1ola de Protecci\u00f3n de Datos<\/a>\u00a0con el nombre de \u201cUSUARIOS DE LA WEB Y SUSCRIPTORES\u201d o en el caso de realizar alguna compra, ser\u00e1 suscrito al fichero de \u201cCLIENTES Y\/O PROVEEDORES\u201d teniendo acceso a datos de nombre, apellidos, email, dni y domicilio completo.<\/p>\n<p>En todo caso <strong>Blogger3cero S.L.<\/strong> se reserva el derecho de modificar, en cualquier momento y sin necesidad de previo aviso, la presentaci\u00f3n y configuraci\u00f3n de la web https:\/\/blogger3cero.com como el presente aviso legal.<\/p>\n<h2><strong>2. PROPIEDAD INTELECTUAL E INDUSTRIAL:<\/strong><\/h2>\n<p><strong>Blogger3cero S.L. <\/strong>por s\u00ed o como cesionario, es titular de todos los derechos de propiedad intelectual e industrial de su p\u00e1gina web, as\u00ed como de los elementos contenidos en la misma (a t\u00edtulo enunciativo, im\u00e1genes, sonido, audio, v\u00eddeo, software o textos; marcas o logotipos, combinaciones de colores, estructura y dise\u00f1o, selecci\u00f3n de materiales usados, programas de ordenador necesarios para su funcionamiento, acceso y uso, etc.), titularidad de<strong> Blogger3cero S.L. <\/strong>o bien de sus licenciantes. Todos los derechos reservados.<\/p>\n<p>Cualquier uso no autorizado previamente por <strong>Blogger3cero S.L. <\/strong>ser\u00e1 considerado un incumplimiento grave de los derechos de propiedad intelectual o industrial del autor.<\/p>\n<p>Quedan expresamente prohibidas la reproducci\u00f3n, la distribuci\u00f3n y la comunicaci\u00f3n p\u00fablica, incluida su modalidad de puesta a disposici\u00f3n, de la totalidad o parte de los contenidos de esta p\u00e1gina web, con fines comerciales, en cualquier soporte y por cualquier medio t\u00e9cnico, sin la autorizaci\u00f3n de <strong>Blogger3cero S.L.<\/strong>.<\/p>\n<p>El USUARIO se compromete a respetar los derechos de Propiedad Intelectual e Industrial titularidad de<strong> Blogger3cero S.L.<\/strong>. Podr\u00e1 visualizar \u00fanicamente los elementos de la web sin posibilidad de imprimirlos, copiarlos o almacenarlos en el disco duro de su ordenador o en cualquier otro soporte f\u00edsico. El USUARIO deber\u00e1 abstenerse de suprimir, alterar, eludir o manipular cualquier dispositivo de protecci\u00f3n o sistema de seguridad que estuviera instalado en las p\u00e1ginas de\u00a0<strong>Blogger3cero S.L.<\/strong>.<\/p>\n<p>Queda terminantemente prohibido compartir la licencia para uso con m\u00e1s personas, <strong>cada licencia es personal e intransferible reserv\u00e1ndonos cuantas acciones civiles y penales nos asistan en aras de salvaguardar nuestros derechos<\/strong>, todo ello bajo apercibimiento de incurrir en un delito contra la propiedad intelectual del art. 270 y ss del C\u00f3digo Penal con penas de prisi\u00f3n de hasta 4 a\u00f1os.<\/p>\n<h2><strong>3. EXCLUSI\u00d3N DE GARANT\u00cdAS Y RESPONSABILIDAD<\/strong><\/h2>\n<p><strong>Blogger3cero S.L. <\/strong>no se hace responsable, en ning\u00fan caso, de los da\u00f1os y perjuicios de cualquier naturaleza que pudieran ocasionar, a t\u00edtulo enunciativo: por errores u omisiones en los contenidos, por falta de disponibilidad del sitio web, \u2013 el cual realizar\u00e1 paradas peri\u00f3dicas por mantenimientos t\u00e9cnicos \u2013 as\u00ed como por la transmisi\u00f3n de virus o programas maliciosos o lesivos en los contenidos, a pesar de haber adoptado todas las medidas tecnol\u00f3gicas necesarias para evitarlo.<\/p>\n<h2><strong>4. BOLSA DE EMPLEO<\/strong><\/h2>\n<p>La bolsa de empleo de SEOWarriors es un espacio creado para los alumnos de la membres\u00eda que quieran ofrecer sus servicios o para aquellos que necesiten profesionales para llevar adelante sus proyectos.<\/p>\n<p>Desde SEOWarriors no nos hacemos responsables de las consecuencias derivadas de estas relaciones, limit\u00e1ndose nuestro papel \u00fanica y exclusivamente a poner este espacio a disposici\u00f3n de los alumnos que se quieran beneficiar de \u00e9l.<\/p>\n<p>Por lo tanto, no atenderemos quejas ni reclamaciones formales al respecto m\u00e1s all\u00e1 de las que tengan relaci\u00f3n con el funcionamiento t\u00e9cnico de la plataforma.<\/p>\n<h2><strong>5. MODIFICACIONES<\/strong><\/h2>\n<p><strong>Blogger3cero S.L. <\/strong>se reserva el derecho de efectuar sin previo aviso las modificaciones que considere oportunas en su web, pudiendo cambiar, suprimir o a\u00f1adir tanto los contenidos y servicios que se presten a trav\u00e9s de la misma como la forma en la que \u00e9stos aparezcan presentados o localizados en su web.<\/p>\n<h2><strong>6. POL\u00cdTICA DE ENLACES<\/strong><\/h2>\n<p>Las personas o entidades que pretendan realizar o realicen un hiperenlace desde una p\u00e1gina web de otro portal de Internet a la web de\u00a0<strong>Blogger3cero S.L. <\/strong>deber\u00e1 someterse las siguientes condiciones:<\/p>\n<p>\u2013 No se permite la reproducci\u00f3n total o parcial de ninguno de los servicios ni contenidos del sitio web sin la previa autorizaci\u00f3n expresa de <strong>Blogger3cero S.L..<\/strong><\/p>\n<p>\u2013 No se establecer\u00e1n deep-links ni enlaces IMG o de imagen, ni frames con la web de <strong>Blogger3cero S.L. <\/strong>sin su previa autorizaci\u00f3n expresa.<\/p>\n<p>\u2013 No se establecer\u00e1 ninguna manifestaci\u00f3n falsa, inexacta o incorrecta sobre la web de <strong>Blogger3cero S.L.<\/strong>, ni sobre los servicios o contenidos de la misma. Salvo aquellos signos que formen parte del hiperv\u00ednculo, la p\u00e1gina web en la que se establezca no contendr\u00e1 ninguna marca, nombre comercial, r\u00f3tulo de establecimiento, denominaci\u00f3n, logotipo, eslogan u otros signos distintivos pertenecientes a <strong>Blogger3cero S.L.<\/strong>, salvo autorizaci\u00f3n expresa de \u00e9ste.<\/p>\n<p>\u2013 El establecimiento del hiperv\u00ednculo no implicar\u00e1 la existencia de relaciones entre <strong>Blogger3cero S.L. <\/strong>y el titular de la p\u00e1gina web o del portal desde el cual se realice, ni el conocimiento y aceptaci\u00f3n de <strong>Blogger3cero S.L. <\/strong>de los servicios y contenidos ofrecidos en dicha p\u00e1gina web o portal.<\/p>\n<p>\u2013 <strong>Blogger3cero S.L. <\/strong>no ser\u00e1 responsable de los contenidos o servicios puestos a disposici\u00f3n del p\u00fablico en la p\u00e1gina web o portal desde el cual se realice el hiperv\u00ednculo, ni de las informaciones y manifestaciones incluidas en los mismos.<\/p>\n<p>El sitio web de <strong>Blogger3cero S.L. <\/strong>puede poner a disposici\u00f3n del usuario conexiones y enlaces a otros sitios web gestionados y controlados por terceros. Dichos enlaces tienen como exclusiva funci\u00f3n, la de facilitar a los usuarios la b\u00fasqueda de informaci\u00f3n, contenidos y servicios en Internet, sin que en ning\u00fan caso pueda considerarse una sugerencia, recomendaci\u00f3n o invitaci\u00f3n para la visita de los mismos.<\/p>\n<p><strong>Blogger3cero S.L. <\/strong>no comercializa, ni dirige, ni controla previamente, ni hace propios los contenidos, servicios, informaciones y manifestaciones disponibles en dichos sitios web.<\/p>\n<p><strong>Blogger3cero S.L. <\/strong>no asume ning\u00fan tipo de responsabilidad, ni siquiera de forma indirecta o subsidiaria, por los da\u00f1os y perjuicios de toda clase que pudieran derivarse del acceso, mantenimiento, uso, calidad, licitud, fiabilidad y utilidad de los contenidos, informaciones, comunicaciones, opiniones, manifestaciones, productos y servicios existentes u ofrecidos en los sitios web no gestionados por <strong>Blogger3cero S.L. <\/strong>y que resulten accesibles a trav\u00e9s de<strong> Blogger3cero S.L.<\/strong><\/p>\n<h2><strong>7. DERECHO DE EXCLUSI\u00d3N<\/strong><\/h2>\n<p><strong>Blogger3cero S.L. <\/strong>se reserva el derecho a denegar o retirar el acceso al portal y\/o los servicios ofrecidos sin necesidad de preaviso, a instancia propia o de un tercero, a aquellos usuarios que incumplan las presentes Condiciones Generales de Uso.<\/p>\n<h2><strong>8. GENERALIDADES<\/strong><\/h2>\n<p><strong>Blogger3cero S.L. <\/strong>perseguir\u00e1 el incumplimiento de las presentes condiciones as\u00ed como cualquier utilizaci\u00f3n indebida de su web ejerciendo todas las acciones civiles y penales que le puedan corresponder en derecho.<\/p>\n<h2><strong>9. MODIFICACI\u00d3N DE LAS PRESENTES CONDICIONES Y DURACI\u00d3N<\/strong><\/h2>\n<p><strong>Blogger3cero S.L. <\/strong>podr\u00e1 modificar en cualquier momento las condiciones aqu\u00ed determinadas, siendo debidamente publicadas como aqu\u00ed aparecen. La vigencia de las citadas condiciones ir\u00e1 en funci\u00f3n de su exposici\u00f3n y estar\u00e1n vigentes hasta que sean modificadas por otras debidamente publicadas.<\/p>\n<h2><strong>10. RENOVACI\u00d3N, DEVOLUCIONES Y POL\u00cdTICA DE CANCELACI\u00d3N<\/strong><\/h2>\n<p>La contrataci\u00f3n de SEOWarriors se realiza mediante un modelo de suscripci\u00f3n de forma que autom\u00e1ticamente se cobrar\u00e1 el siguiente pago una vez finalizado el periodo contratado, mediante la forma de pago elegida inicialmente.<\/p>\n<p>El cliente podr\u00e1 darse de baja de la suscripci\u00f3n cuando desee, comunic\u00e1ndolo por correo electr\u00f3nico a contacto@seowarriors.club, en el bot\u00f3n de cancelaci\u00f3n de su perfil dentro de la plataforma o bien a trav\u00e9s de Hotmart, siempre con antelaci\u00f3n al d\u00cda del pago que no desea que se efect\u00fae.<\/p>\n<p>El usuario dispone de 15 d\u00edas para solicitar la devoluci\u00f3n de su importe desde el momento mismo de la compra.<\/p>\n<p>Dado que SEOWarriors es un producto digital, con v\u00eddeos que se pueden consumir desde el momento del acceso, as\u00ed como recursos descargables, pasados esos 15 d\u00edas no se admitir\u00e1n devoluciones tal y como ampara la <a class=\"docs-creator\" href=\"https:\/\/www.boe.es\/buscar\/doc.php?id=BOE-A-2014-3329\" target=\"_blank\" rel=\"noopener\">ley 3\/2014 de 27 de marzo en su art\u00edculo 103<\/a>.<\/p>\n<p>Por tanto, en SEOWarriors no realizamos devoluciones parciales o totales del dinero pagado por los usuarios, ya que una vez que se accede a la plataforma de pago, los v\u00eddeos pueden ser vistos o reproducidos en su totalidad.<\/p>\n<p>Por lo que con el mero acceso a la zona de pago damos por cumplido el servicio contratado hasta la cancelaci\u00f3n del mismo por parte del usuario.<\/p>\n<h2><strong>11. RECLAMACIONES Y DUDAS<\/strong><\/h2>\n<p><strong>Blogger3cero S.L. <\/strong>informa que existen hojas de reclamaci\u00f3n a disposici\u00f3n de usuarios y clientes pudiendo remitir un correo a contacto@blogger3cero.com indicando su nombre y apellidos, el servicio o producto adquirido y exponiendo los motivos de su reclamaci\u00f3n.<\/p>\n<p>Tambi\u00e9n puede dirigir su reclamaci\u00f3n por correo postal dirigido a: <strong>Blogger3cero S.L., <\/strong>Calle Santillana, Madrid.<\/p>\n<h2><strong>12. LEGISLACI\u00d3N APLICABLE Y JURISDICCI\u00d3N<\/strong><\/h2>\n<p>La relaci\u00f3n entre <strong>Blogger3cero S.L. <\/strong>y el USUARIO se regir\u00e1 por la normativa espa\u00f1ola vigente y cualquier controversia se someter\u00e1 a los Juzgados y tribunales de la ciudad de Madrid, salvo que la Ley aplicable disponga otra cosa.<\/p>\n<p>Devoluciones y pol\u00edtica de cancelaci\u00f3n:<\/p>\n<p>Dado que SEOWarriors es un productodigital, con v\u00eddeos que se pueden consumir desde el momento del acceso, as\u00ed como recursos descargables, no se admiten devoluciones tal y como ampara la ley 3\/2014 de 27 de marzo en su art\u00edculo 103.<\/p>\n<p>Por tanto, en SEOWarriors no realizamos devoluciones parciales o totales del dinero pagado por los usuarios, ya que una vez que se accede a la plataforma de pago, los v\u00eddeos pueden ser vistos o reproducidos en su totalidad.<\/p>\n<p>Por lo que con el mero acceso a la zona de pago damos por cumplido el servicio contratado.<\/p>\n","protected":false},"excerpt":{"rendered":"<p>Aviso legal 1. AVISO LEGAL Y T\u00c9RMINOS DE USO Puedo garantizarte que te encuentras en un espacio 100 % seguro, por ello, dando cumplimiento con el deber de informaci\u00f3n recogido en art\u00edculo 10 de la Ley 34\/2002, de 11 de julio, de Servicios de la Sociedad de la Informaci\u00f3n y del Comercio Electr\u00f3nico, a continuaci\u00f3n se hace constar: 1.1. Datos identificativos del responsable Tal y como recoge la Ley 34\/2002, de 11 de julio, de servicios de la sociedad de [&hellip;]<\/p>\n","protected":false},"author":1,"featured_media":0,"parent":0,"menu_order":0,"comment_status":"closed","ping_status":"closed","template":"tpl-externa.php","meta":{"_acf_changed":false,"_genesis_hide_title":false,"_genesis_hide_breadcrumbs":false,"_genesis_hide_singular_image":false,"_genesis_hide_footer_widgets":false,"_genesis_custom_body_class":"","_genesis_custom_post_class":"","_genesis_layout":"","footnotes":""},"class_list":{"0":"post-3","1":"page","2":"type-page","3":"status-publish","5":"entry"},"acf":[],"_links":{"self":[{"href":"https:\/\/seowarriors.club\/plataforma\/wp-json\/wp\/v2\/pages\/3","targetHints":{"allow":["GET"]}}],"collection":[{"href":"https:\/\/seowarriors.club\/plataforma\/wp-json\/wp\/v2\/pages"}],"about":[{"href":"https:\/\/seowarriors.club\/plataforma\/wp-json\/wp\/v2\/types\/page"}],"author":[{"embeddable":true,"href":"https:\/\/seowarriors.club\/plataforma\/wp-json\/wp\/v2\/users\/1"}],"replies":[{"embeddable":true,"href":"https:\/\/seowarriors.club\/plataforma\/wp-json\/wp\/v2\/comments?post=3"}],"version-history":[{"count":50,"href":"https:\/\/seowarriors.club\/plataforma\/wp-json\/wp\/v2\/pages\/3\/revisions"}],"predecessor-version":[{"id":20579,"href":"https:\/\/seowarriors.club\/plataforma\/wp-json\/wp\/v2\/pages\/3\/revisions\/20579"}],"wp:attachment":[{"href":"https:\/\/seowarriors.club\/plataforma\/wp-json\/wp\/v2\/media?parent=3"}],"curies":[{"name":"wp","href":"https:\/\/api.w.org\/{rel}","templated":true}]}}